{"id":381,"date":"2017-08-22T08:53:57","date_gmt":"2017-08-22T08:53:57","guid":{"rendered":"http:\/\/cyclingexperiencevalencia.com\/?page_id=381"},"modified":"2017-10-16T17:13:22","modified_gmt":"2017-10-16T17:13:22","slug":"381-2","status":"publish","type":"page","link":"https:\/\/cyclingexperience.ch\/de\/381-2\/","title":{"rendered":"Trainingslager"},"content":{"rendered":"<p>[et_pb_section fb_built=&#8220;1&#8243; fullwidth=&#8220;on&#8220; _builder_version=&#8220;3.0.73&#8243;][et_pb_fullwidth_slider _builder_version=&#8220;3.0.76&#8243; parallax=&#8220;on&#8220; parallax_method=&#8220;on&#8220; custom_padding=&#8220;|||&#8220; custom_padding_tablet=&#8220;|||&#8220; custom_padding_phone=&#8220;|||&#8220; custom_css_slide_description=&#8220;height:65vh;&#8220;][et_pb_slide _builder_version=&#8220;3.0.76&#8243; body_font=&#8220;||||&#8220; body_font_size=&#8220;70px&#8220; body_line_height=&#8220;1.4em&#8220; background_image=&#8220;https:\/\/cyclingexperience.ch\/wp-content\/uploads\/2017\/08\/Portada-1.jpg&#8220; background_position=&#8220;bottom_right&#8220; custom_padding=&#8220;|||&#8220; custom_css_slide_description=&#8220;text-align: left;||padding-leftt:0%;||padding-top:10%;||text-shadow:4px 4px 4px black;&#8220; background_color=&#8220;#ffffff&#8220; animation_style=&#8220;none&#8220;]TRAININGSLAGER <img loading=\"lazy\" class=\"wp-image-762 alignnone size-medium\" style=\"position: relative; top: 35px;\" src=\"https:\/\/cyclingexperience.ch\/wp-content\/uploads\/2017\/09\/detalle_logo_transparente_blanco-300x300.png\" alt=\"\" width=\"105\" height=\"105\" srcset=\"https:\/\/cyclingexperience.ch\/wp-content\/uploads\/2017\/09\/detalle_logo_transparente_blanco-300x300.png 300w, https:\/\/cyclingexperience.ch\/wp-content\/uploads\/2017\/09\/detalle_logo_transparente_blanco-150x150.png 150w, https:\/\/cyclingexperience.ch\/wp-content\/uploads\/2017\/09\/detalle_logo_transparente_blanco.png 414w\" sizes=\"(max-width: 105px) 100vw, 105px\" \/> <\/p>\n<p>[\/et_pb_slide][\/et_pb_fullwidth_slider][\/et_pb_section][et_pb_section fb_built=&#8220;1&#8243; _builder_version=&#8220;3.0.76&#8243; custom_padding=&#8220;54px|0px|0px|0px&#8220;][et_pb_row _builder_version=&#8220;3.0.76&#8243;][et_pb_column type=&#8220;4_4&#8243; _builder_version=&#8220;3.0.76&#8243; parallax=&#8220;off&#8220; parallax_method=&#8220;on&#8220;][et_pb_testimonial background_layout=&#8220;light&#8220; quote_icon_color=&#8220;#000000&#8243; _builder_version=&#8220;3.0.76&#8243; body_font_size=&#8220;27px&#8220; body_text_color=&#8220;#000000&#8243; text_orientation=&#8220;center&#8220; custom_margin=&#8220;||5%|&#8220; custom_padding=&#8220;||1%|&#8220; custom_css_main_element=&#8220;border-radius:15px;||moz-border-radius:15px;&#8220;]Basierend auf den modernen Trainingsmethoden von professionellen Teams, bieten wir Ihnen das Beste Training. Wir k\u00fcmmern uns um all Ihre Bed\u00fcrfnisse und wir garantieren Ihnen, dass Sie trainieren, sich erholen und ausruhen k\u00f6nnen wie es Ihnen gef\u00e4llt[\/et_pb_testimonial][et_pb_text _builder_version=&#8220;3.0.73&#8243; text_font_size=&#8220;45px&#8220; text_text_color=&#8220;#000000&#8243;]<\/p>\n<p><a href=\"https:\/\/cyclingexperience.ch\/wp-content\/uploads\/2017\/09\/detalle_logo_blanco.png\"><img loading=\"lazy\" class=\"wp-image-670 alignnone size-medium\" style=\"position: relative; top: 7px;\" src=\"https:\/\/cyclingexperience.ch\/wp-content\/uploads\/2017\/09\/detalle_logo_blanco-300x300.png\" alt=\"\" width=\"45\" height=\"45\" srcset=\"https:\/\/cyclingexperience.ch\/wp-content\/uploads\/2017\/09\/detalle_logo_blanco-300x300.png 300w, https:\/\/cyclingexperience.ch\/wp-content\/uploads\/2017\/09\/detalle_logo_blanco-150x150.png 150w, https:\/\/cyclingexperience.ch\/wp-content\/uploads\/2017\/09\/detalle_logo_blanco.png 414w\" sizes=\"(max-width: 45px) 100vw, 45px\" \/><\/a> CYCLING CAMP PACK<\/p>\n<p>[\/et_pb_text][et_pb_text _builder_version=&#8220;3.0.76&#8243; text_font_size=&#8220;20px&#8220; text_text_color=&#8220;#000000&#8243; custom_padding=&#8220;|||3em&#8220;]<\/p>\n<ul>\n<li>Unterkunft\n<li>Alle Mahlzeiten inbegriffen (Fr\u00fchst\u00fcck, Mittagessen, Abendessen)<\/li>\n<li>Alle Getr\u00e4nke inklusive (Wasser, S\u00e4fte, alkoholfreie Getr\u00e4nke)<\/li>\n<li>Ern\u00e4hrung vor, w\u00e4hrend und nach dem Training inbegriffen (Bars, Gels, Milchshakes, Obst etc.)<\/li>\n<li>Fahrrad Guide auf den Strecken<\/li>\n<li>Transfer vom Flughafen (15 Min.)<\/li>\n<li>W\u00e4sche-Service<\/li>\n<li>WLAN in allen R\u00e4umlichkeiten<\/li>\n<li>Benutzung des Fitnessraums<\/li>\n<li>Benutzung aller \u00f6ffentlichen Bereiche (Spielzimmer, Caf\u00e9-Bereich, TV-Bereich, Sauna, Spa)<\/li>\n<li>Perfekte Lage f\u00fcr alle Arten von Routen auf wenig befahrbaren Stra\u00dfen.<\/li>\n<li>Fahrradservice, als mechanischer Experte kann ich alle Probleme l\u00f6sen oder Ihr Fahrrad einstellen<\/li>\n<\/ul>\n<p>[\/et_pb_text][et_pb_text _builder_version=&#8220;3.0.73&#8243; text_font_size=&#8220;45px&#8220; text_text_color=&#8220;#000000&#8243;]<\/p>\n<p><a href=\"https:\/\/cyclingexperience.ch\/wp-content\/uploads\/2017\/09\/detalle_logo_blanco.png\"><img loading=\"lazy\" class=\"wp-image-670 alignnone size-medium\" style=\"position: relative; top: 7px;\" src=\"https:\/\/cyclingexperience.ch\/wp-content\/uploads\/2017\/09\/detalle_logo_blanco-300x300.png\" alt=\"\" width=\"45\" height=\"45\" srcset=\"https:\/\/cyclingexperience.ch\/wp-content\/uploads\/2017\/09\/detalle_logo_blanco-300x300.png 300w, https:\/\/cyclingexperience.ch\/wp-content\/uploads\/2017\/09\/detalle_logo_blanco-150x150.png 150w, https:\/\/cyclingexperience.ch\/wp-content\/uploads\/2017\/09\/detalle_logo_blanco.png 414w\" sizes=\"(max-width: 45px) 100vw, 45px\" \/><\/a> BEISPIEL EINES TRAINING TAGES<\/p>\n<p>[\/et_pb_text][et_pb_text _builder_version=&#8220;3.0.76&#8243; text_font_size=&#8220;20px&#8220; text_text_color=&#8220;#000000&#8243; custom_padding=&#8220;|||3em&#8220;]<\/p>\n<ul>\n<li>09.15 Uhr \u2013 Fr\u00fchst\u00fcck. Wir bieten Ihnen eine Vielzahl von verschiedenen gesunden und frischen Speisen, so dass Sie Ihre Leistung voll aussch\u00f6pfen k\u00f6nnen<\/li>\n<li>10.00 Uhr \u2013 Erkl\u00e4rung der Route und Sehensw\u00fcrdigkeiten inklusive der schwierigen Abschnitte (M\u00f6glichkeit, die Strecke auf dein GPS zu laden)<\/li>\n<li>10.30 Uhr \u2013 Beginn des Trainings. Wir werden Sie auf den verschiedenen Routen begleiten, Ihnen die Highlights zeigen und daf\u00fcr sorgen, dass sie unvergessliche Erlebnisse haben.<\/li>\n<li>15.00 Uhr \u2013 Zur\u00fcck zu unserem Basislager, wo Sie sich erholen, sich mit verschiedenen gesunden Snacks, Shakes und saisonale Fr\u00fcchte verpflegen k\u00f6nnen<\/li>\n<li>16.00 \u2013 18.00 Uhr \u2013 Entspannung, Sie k\u00f6nnen den ganzen Komfort nutzen (Spielplatz, Caf\u00e9, Schwimmbad, Jacuzzi, etc.), geniessen Sie das zusammen sein, tauschen Sie sich \u00fcber Ihre Fahrraderlebnisse aus und haben Sie Spass.<\/li>\n<li>18.00 \u2013 19.30 Uhr \u2013 G\u00f6nnen Sie sich eine Massage um am n\u00e4chsten Tag wieder fit zu sein.<\/li>\n<li>19.30 Uhr \u2013 Abendessen, wir bieten Ihnen alles was ihr Herz begehrt \u00fcber lokale Speisen bis zu gesunden und frischen Nahrungsmittel, damit sie beim Training 100% geben k\u00f6nnen.\n<ul>[\/et_pb_text][\/et_pb_column][\/et_pb_row][\/et_pb_section]<\/p>\n","protected":false},"excerpt":{"rendered":"<p>[et_pb_section fb_built=&#8220;1&#8243; fullwidth=&#8220;on&#8220; _builder_version=&#8220;3.0.73&#8243;][et_pb_fullwidth_slider _builder_version=&#8220;3.0.76&#8243; parallax=&#8220;on&#8220; parallax_method=&#8220;on&#8220; custom_padding=&#8220;|||&#8220; custom_padding_tablet=&#8220;|||&#8220; custom_padding_phone=&#8220;|||&#8220; custom_css_slide_description=&#8220;height:65vh;&#8220;][et_pb_slide _builder_version=&#8220;3.0.76&#8243; body_font=&#8220;||||&#8220; body_font_size=&#8220;70px&#8220; body_line_height=&#8220;1.4em&#8220; background_image=&#8220;https:\/\/cyclingexperience.ch\/wp-content\/uploads\/2017\/08\/Portada-1.jpg&#8220; background_position=&#8220;bottom_right&#8220; custom_padding=&#8220;|||&#8220; custom_css_slide_description=&#8220;text-align: left;||padding-leftt:0%;||padding-top:10%;||text-shadow:4px 4px 4px black;&#8220; background_color=&#8220;#ffffff&#8220; animation_style=&#8220;none&#8220;]TRAININGSLAGER [\/et_pb_slide][\/et_pb_fullwidth_slider][\/et_pb_section][et_pb_section fb_built=&#8220;1&#8243; _builder_version=&#8220;3.0.76&#8243; custom_padding=&#8220;54px|0px|0px|0px&#8220;][et_pb_row _builder_version=&#8220;3.0.76&#8243;][et_pb_column type=&#8220;4_4&#8243; _builder_version=&#8220;3.0.76&#8243; parallax=&#8220;off&#8220; parallax_method=&#8220;on&#8220;][et_pb_testimonial background_layout=&#8220;light&#8220; quote_icon_color=&#8220;#000000&#8243; _builder_version=&#8220;3.0.76&#8243; body_font_size=&#8220;27px&#8220; body_text_color=&#8220;#000000&#8243; text_orientation=&#8220;center&#8220; custom_margin=&#8220;||5%|&#8220; custom_padding=&#8220;||1%|&#8220; custom_css_main_element=&#8220;border-radius:15px;||moz-border-radius:15px;&#8220;]Basierend auf den modernen Trainingsmethoden von professionellen Teams, bieten wir Ihnen das Beste [&hellip;]<\/p>\n","protected":false},"author":1,"featured_media":0,"parent":0,"menu_order":0,"comment_status":"closed","ping_status":"closed","template":"","meta":{"_et_pb_use_builder":"on","_et_pb_old_content":"","_et_gb_content_width":"","_joinchat":[]},"yoast_head":"<!-- This site is optimized with the Yoast SEO plugin v19.13 - https:\/\/yoast.com\/wordpress\/plugins\/seo\/ -->\n<title>&#8902; Cycling Experience<\/title>\n<meta name=\"robots\" content=\"index, follow, max-snippet:-1, max-image-preview:large, max-video-preview:-1\" \/>\n<link rel=\"canonical\" href=\"https:\/\/cyclingexperience.ch\/de\/381-2\/\" \/>\n<meta property=\"og:locale\" content=\"de_DE\" \/>\n<meta property=\"og:type\" content=\"article\" \/>\n<meta property=\"og:title\" content=\"&#8902; Cycling Experience\" \/>\n<meta property=\"og:description\" content=\"[et_pb_section fb_built=&#8220;1&#8243; fullwidth=&#8220;on&#8220; _builder_version=&#8220;3.0.73&#8243;][et_pb_fullwidth_slider _builder_version=&#8220;3.0.76&#8243; parallax=&#8220;on&#8220; parallax_method=&#8220;on&#8220; custom_padding=&#8220;|||&#8220; custom_padding_tablet=&#8220;|||&#8220; custom_padding_phone=&#8220;|||&#8220; custom_css_slide_description=&#8220;height:65vh;&#8220;][et_pb_slide _builder_version=&#8220;3.0.76&#8243; body_font=&#8220;||||&#8220; body_font_size=&#8220;70px&#8220; body_line_height=&#8220;1.4em&#8220; background_image=&#8220;https:\/\/cyclingexperience.ch\/wp-content\/uploads\/2017\/08\/Portada-1.jpg&#8220; background_position=&#8220;bottom_right&#8220; custom_padding=&#8220;|||&#8220; custom_css_slide_description=&#8220;text-align: left;||padding-leftt:0%;||padding-top:10%;||text-shadow:4px 4px 4px black;&#8220; background_color=&#8220;#ffffff&#8220; animation_style=&#8220;none&#8220;]TRAININGSLAGER [\/et_pb_slide][\/et_pb_fullwidth_slider][\/et_pb_section][et_pb_section fb_built=&#8220;1&#8243; _builder_version=&#8220;3.0.76&#8243; custom_padding=&#8220;54px|0px|0px|0px&#8220;][et_pb_row _builder_version=&#8220;3.0.76&#8243;][et_pb_column type=&#8220;4_4&#8243; _builder_version=&#8220;3.0.76&#8243; parallax=&#8220;off&#8220; parallax_method=&#8220;on&#8220;][et_pb_testimonial background_layout=&#8220;light&#8220; quote_icon_color=&#8220;#000000&#8243; _builder_version=&#8220;3.0.76&#8243; body_font_size=&#8220;27px&#8220; body_text_color=&#8220;#000000&#8243; text_orientation=&#8220;center&#8220; custom_margin=&#8220;||5%|&#8220; custom_padding=&#8220;||1%|&#8220; custom_css_main_element=&#8220;border-radius:15px;||moz-border-radius:15px;&#8220;]Basierend auf den modernen Trainingsmethoden von professionellen Teams, bieten wir Ihnen das Beste [&hellip;]\" \/>\n<meta property=\"og:url\" content=\"https:\/\/cyclingexperience.ch\/de\/381-2\/\" \/>\n<meta property=\"og:site_name\" content=\"Cycling Experience\" \/>\n<meta property=\"article:modified_time\" content=\"2017-10-16T17:13:22+00:00\" \/>\n<meta property=\"og:image\" content=\"https:\/\/cyclingexperience.ch\/wp-content\/uploads\/2017\/09\/detalle_logo_transparente_blanco-300x300.png\" \/>\n<meta name=\"twitter:label1\" content=\"Gesch\u00e4tzte Lesezeit\" \/>\n\t<meta name=\"twitter:data1\" content=\"3 Minuten\" \/>\n<script type=\"application\/ld+json\" class=\"yoast-schema-graph\">{\"@context\":\"https:\/\/schema.org\",\"@graph\":[{\"@type\":\"WebPage\",\"@id\":\"https:\/\/cyclingexperience.ch\/de\/381-2\/\",\"url\":\"https:\/\/cyclingexperience.ch\/de\/381-2\/\",\"name\":\"&#8902; Cycling Experience\",\"isPartOf\":{\"@id\":\"https:\/\/cyclingexperience.ch\/en\/#website\"},\"datePublished\":\"2017-08-22T08:53:57+00:00\",\"dateModified\":\"2017-10-16T17:13:22+00:00\",\"breadcrumb\":{\"@id\":\"https:\/\/cyclingexperience.ch\/de\/381-2\/#breadcrumb\"},\"inLanguage\":\"de-DE\",\"potentialAction\":[{\"@type\":\"ReadAction\",\"target\":[\"https:\/\/cyclingexperience.ch\/de\/381-2\/\"]}]},{\"@type\":\"BreadcrumbList\",\"@id\":\"https:\/\/cyclingexperience.ch\/de\/381-2\/#breadcrumb\",\"itemListElement\":[{\"@type\":\"ListItem\",\"position\":1,\"name\":\"Home\",\"item\":\"https:\/\/cyclingexperience.ch\/de\/\"},{\"@type\":\"ListItem\",\"position\":2,\"name\":\"Trainingslager\"}]},{\"@type\":\"WebSite\",\"@id\":\"https:\/\/cyclingexperience.ch\/en\/#website\",\"url\":\"https:\/\/cyclingexperience.ch\/en\/\",\"name\":\"Cycling Experience\",\"description\":\"Live the experience, train like a pro\",\"publisher\":{\"@id\":\"https:\/\/cyclingexperience.ch\/en\/#organization\"},\"potentialAction\":[{\"@type\":\"SearchAction\",\"target\":{\"@type\":\"EntryPoint\",\"urlTemplate\":\"https:\/\/cyclingexperience.ch\/en\/?s={search_term_string}\"},\"query-input\":\"required name=search_term_string\"}],\"inLanguage\":\"de-DE\"},{\"@type\":\"Organization\",\"@id\":\"https:\/\/cyclingexperience.ch\/en\/#organization\",\"name\":\"Cycling Experience\",\"url\":\"https:\/\/cyclingexperience.ch\/en\/\",\"logo\":{\"@type\":\"ImageObject\",\"inLanguage\":\"de-DE\",\"@id\":\"https:\/\/cyclingexperience.ch\/en\/#\/schema\/logo\/image\/\",\"url\":\"https:\/\/cyclingexperience.ch\/wp-content\/uploads\/2021\/01\/nuevo_logo_no_dentado_negro.png\",\"contentUrl\":\"https:\/\/cyclingexperience.ch\/wp-content\/uploads\/2021\/01\/nuevo_logo_no_dentado_negro.png\",\"width\":644,\"height\":340,\"caption\":\"Cycling Experience\"},\"image\":{\"@id\":\"https:\/\/cyclingexperience.ch\/en\/#\/schema\/logo\/image\/\"}}]}<\/script>\n<!-- \/ Yoast SEO plugin. -->","yoast_head_json":{"title":"&#8902; Cycling Experience","robots":{"index":"index","follow":"follow","max-snippet":"max-snippet:-1","max-image-preview":"max-image-preview:large","max-video-preview":"max-video-preview:-1"},"canonical":"https:\/\/cyclingexperience.ch\/de\/381-2\/","og_locale":"de_DE","og_type":"article","og_title":"&#8902; Cycling Experience","og_description":"[et_pb_section fb_built=&#8220;1&#8243; fullwidth=&#8220;on&#8220; _builder_version=&#8220;3.0.73&#8243;][et_pb_fullwidth_slider _builder_version=&#8220;3.0.76&#8243; parallax=&#8220;on&#8220; parallax_method=&#8220;on&#8220; custom_padding=&#8220;|||&#8220; custom_padding_tablet=&#8220;|||&#8220; custom_padding_phone=&#8220;|||&#8220; custom_css_slide_description=&#8220;height:65vh;&#8220;][et_pb_slide _builder_version=&#8220;3.0.76&#8243; body_font=&#8220;||||&#8220; body_font_size=&#8220;70px&#8220; body_line_height=&#8220;1.4em&#8220; background_image=&#8220;https:\/\/cyclingexperience.ch\/wp-content\/uploads\/2017\/08\/Portada-1.jpg&#8220; background_position=&#8220;bottom_right&#8220; custom_padding=&#8220;|||&#8220; custom_css_slide_description=&#8220;text-align: left;||padding-leftt:0%;||padding-top:10%;||text-shadow:4px 4px 4px black;&#8220; background_color=&#8220;#ffffff&#8220; animation_style=&#8220;none&#8220;]TRAININGSLAGER [\/et_pb_slide][\/et_pb_fullwidth_slider][\/et_pb_section][et_pb_section fb_built=&#8220;1&#8243; _builder_version=&#8220;3.0.76&#8243; custom_padding=&#8220;54px|0px|0px|0px&#8220;][et_pb_row _builder_version=&#8220;3.0.76&#8243;][et_pb_column type=&#8220;4_4&#8243; _builder_version=&#8220;3.0.76&#8243; parallax=&#8220;off&#8220; parallax_method=&#8220;on&#8220;][et_pb_testimonial background_layout=&#8220;light&#8220; quote_icon_color=&#8220;#000000&#8243; _builder_version=&#8220;3.0.76&#8243; body_font_size=&#8220;27px&#8220; body_text_color=&#8220;#000000&#8243; text_orientation=&#8220;center&#8220; custom_margin=&#8220;||5%|&#8220; custom_padding=&#8220;||1%|&#8220; custom_css_main_element=&#8220;border-radius:15px;||moz-border-radius:15px;&#8220;]Basierend auf den modernen Trainingsmethoden von professionellen Teams, bieten wir Ihnen das Beste [&hellip;]","og_url":"https:\/\/cyclingexperience.ch\/de\/381-2\/","og_site_name":"Cycling Experience","article_modified_time":"2017-10-16T17:13:22+00:00","og_image":[{"url":"https:\/\/cyclingexperience.ch\/wp-content\/uploads\/2017\/09\/detalle_logo_transparente_blanco-300x300.png"}],"twitter_misc":{"Gesch\u00e4tzte Lesezeit":"3 Minuten"},"schema":{"@context":"https:\/\/schema.org","@graph":[{"@type":"WebPage","@id":"https:\/\/cyclingexperience.ch\/de\/381-2\/","url":"https:\/\/cyclingexperience.ch\/de\/381-2\/","name":"&#8902; Cycling Experience","isPartOf":{"@id":"https:\/\/cyclingexperience.ch\/en\/#website"},"datePublished":"2017-08-22T08:53:57+00:00","dateModified":"2017-10-16T17:13:22+00:00","breadcrumb":{"@id":"https:\/\/cyclingexperience.ch\/de\/381-2\/#breadcrumb"},"inLanguage":"de-DE","potentialAction":[{"@type":"ReadAction","target":["https:\/\/cyclingexperience.ch\/de\/381-2\/"]}]},{"@type":"BreadcrumbList","@id":"https:\/\/cyclingexperience.ch\/de\/381-2\/#breadcrumb","itemListElement":[{"@type":"ListItem","position":1,"name":"Home","item":"https:\/\/cyclingexperience.ch\/de\/"},{"@type":"ListItem","position":2,"name":"Trainingslager"}]},{"@type":"WebSite","@id":"https:\/\/cyclingexperience.ch\/en\/#website","url":"https:\/\/cyclingexperience.ch\/en\/","name":"Cycling Experience","description":"Live the experience, train like a pro","publisher":{"@id":"https:\/\/cyclingexperience.ch\/en\/#organization"},"potentialAction":[{"@type":"SearchAction","target":{"@type":"EntryPoint","urlTemplate":"https:\/\/cyclingexperience.ch\/en\/?s={search_term_string}"},"query-input":"required name=search_term_string"}],"inLanguage":"de-DE"},{"@type":"Organization","@id":"https:\/\/cyclingexperience.ch\/en\/#organization","name":"Cycling Experience","url":"https:\/\/cyclingexperience.ch\/en\/","logo":{"@type":"ImageObject","inLanguage":"de-DE","@id":"https:\/\/cyclingexperience.ch\/en\/#\/schema\/logo\/image\/","url":"https:\/\/cyclingexperience.ch\/wp-content\/uploads\/2021\/01\/nuevo_logo_no_dentado_negro.png","contentUrl":"https:\/\/cyclingexperience.ch\/wp-content\/uploads\/2021\/01\/nuevo_logo_no_dentado_negro.png","width":644,"height":340,"caption":"Cycling Experience"},"image":{"@id":"https:\/\/cyclingexperience.ch\/en\/#\/schema\/logo\/image\/"}}]}},"_links":{"self":[{"href":"https:\/\/cyclingexperience.ch\/de\/wp-json\/wp\/v2\/pages\/381"}],"collection":[{"href":"https:\/\/cyclingexperience.ch\/de\/wp-json\/wp\/v2\/pages"}],"about":[{"href":"https:\/\/cyclingexperience.ch\/de\/wp-json\/wp\/v2\/types\/page"}],"author":[{"embeddable":true,"href":"https:\/\/cyclingexperience.ch\/de\/wp-json\/wp\/v2\/users\/1"}],"replies":[{"embeddable":true,"href":"https:\/\/cyclingexperience.ch\/de\/wp-json\/wp\/v2\/comments?post=381"}],"version-history":[{"count":40,"href":"https:\/\/cyclingexperience.ch\/de\/wp-json\/wp\/v2\/pages\/381\/revisions"}],"predecessor-version":[{"id":1015,"href":"https:\/\/cyclingexperience.ch\/de\/wp-json\/wp\/v2\/pages\/381\/revisions\/1015"}],"wp:attachment":[{"href":"https:\/\/cyclingexperience.ch\/de\/wp-json\/wp\/v2\/media?parent=381"}],"curies":[{"name":"wp","href":"https:\/\/api.w.org\/{rel}","templated":true}]}}